{"id":2120,"date":"2024-09-03T03:10:06","date_gmt":"2024-09-03T03:10:06","guid":{"rendered":"http:\/\/motors.loc\/motors-starter\/?page_id=2120"},"modified":"2025-09-19T22:30:11","modified_gmt":"2025-09-19T22:30:11","slug":"home","status":"publish","type":"page","link":"https:\/\/electricos.panoramaautomotor.com\/en\/","title":{"rendered":"Home"},"content":{"rendered":"<div data-elementor-type=\"wp-page\" data-elementor-id=\"2120\" class=\"elementor elementor-2120\">\n\t\t\t\t\t\t<section class=\"elementor-section elementor-top-section elementor-element elementor-element-fe722ca elementor-section-full_width elementor-section-height-min-height elementor-section-stretched elementor-section-height-default elementor-section-items-middle\" data-id=\"fe722ca\" data-element_type=\"section\" data-settings=\"{&quot;stretch_section&quot;:&quot;section-stretched&quot;,&quot;background_background&quot;:&quot;classic&quot;}\">\n\t\t\t\t\t\t\t<div class=\"elementor-background-overlay\"><\/div>\n\t\t\t\t\t\t\t<div class=\"elementor-container elementor-column-gap-no\">\n\t\t\t\t\t<div class=\"elementor-column elementor-col-100 elementor-top-column elementor-element elementor-element-e5af447\" data-id=\"e5af447\" data-element_type=\"column\">\n\t\t\t<div class=\"elementor-widget-wrap elementor-element-populated\">\n\t\t\t\t\t\t<section class=\"elementor-section elementor-inner-section elementor-element elementor-element-2b375dd elementor-section-boxed elementor-section-height-default elementor-section-height-default\" data-id=\"2b375dd\" data-element_type=\"section\">\n\t\t\t\t\t\t<div class=\"elementor-container elementor-column-gap-default\">\n\t\t\t\t\t<div class=\"elementor-column elementor-col-100 elementor-inner-column elementor-element elementor-element-40f5ada\" data-id=\"40f5ada\" data-element_type=\"column\">\n\t\t\t<div class=\"elementor-widget-wrap elementor-element-populated\">\n\t\t\t\t\t\t<div class=\"elementor-element elementor-element-7b7a80e elementor-widget elementor-widget-heading\" data-id=\"7b7a80e\" data-element_type=\"widget\" data-widget_type=\"heading.default\">\n\t\t\t\t\t<h2 class=\"elementor-heading-title elementor-size-default\">\u00a1Bienvenido a Panorama Automotor!<\/h2>\t\t\t\t<\/div>\n\t\t\t\t<div class=\"elementor-element elementor-element-3b7c0c8 elementor-widget elementor-widget-heading\" data-id=\"3b7c0c8\" data-element_type=\"widget\" data-widget_type=\"heading.default\">\n\t\t\t\t\t<h4 class=\"elementor-heading-title elementor-size-default\">Conoce, compara, decide.<\/h4>\t\t\t\t<\/div>\n\t\t\t\t\t<\/div>\n\t\t<\/div>\n\t\t\t\t\t<\/div>\n\t\t<\/section>\n\t\t\t\t\t<\/div>\n\t\t<\/div>\n\t\t\t\t\t<\/div>\n\t\t<\/section>\n\t\t\t\t<section class=\"elementor-section elementor-top-section elementor-element elementor-element-04ab9ed elementor-section-stretched elementor-section-boxed elementor-section-height-default elementor-section-height-default\" data-id=\"04ab9ed\" data-element_type=\"section\" data-settings=\"{&quot;stretch_section&quot;:&quot;section-stretched&quot;,&quot;background_background&quot;:&quot;classic&quot;}\">\n\t\t\t\t\t\t<div class=\"elementor-container elementor-column-gap-default\">\n\t\t\t\t\t<div class=\"elementor-column elementor-col-100 elementor-top-column elementor-element elementor-element-b3f6ed4\" data-id=\"b3f6ed4\" data-element_type=\"column\">\n\t\t\t<div class=\"elementor-widget-wrap elementor-element-populated\">\n\t\t\t\t\t\t<div class=\"elementor-element elementor-element-933da4c elementor-absolute elementor-widget elementor-widget-motors-listings-search-tabs\" data-id=\"933da4c\" data-element_type=\"widget\" data-settings=\"{&quot;_position&quot;:&quot;absolute&quot;}\" data-widget_type=\"motors-listings-search-tabs.default\">\n\t\t\t\t<div class=\"elementor-widget-container\">\n\t\t\t\t\t<div\n\tclass=\"stm_dynamic_listing_filter filter-listing stm-vc-ajax-filter animated fadeIn\"\n\tdata-options=\"[]\"\n\tdata-show_amount=\"false\"\n>\n\t<!-- Nav tabs -->\n\t<ul class=\"stm_dynamic_listing_filter_nav clearfix heading-font\" role=\"tablist\">\n\t\t\t\t\t<li role=\"presentation\" class=\"active\">\n\t\t\t\t<a href=\"#stm_all_listing_tab-69e10cbd5920d\" aria-controls=\"stm_all_listing_tab\" role=\"tab\" data-toggle=\"tab\">\n\t\t\t\t\tTodos\t\t\t\t<\/a>\n\t\t\t<\/li>\n\t\t\t\t\t\n\t\t\n\t\t\n\t\t\n\t<\/ul>\n\n\t<!-- Tab panes -->\n\t<div class=\"tab-content\">\n\t\t\t\t\t<div role=\"tabpanel\" class=\"tab-pane fade in active\" id=\"stm_all_listing_tab-69e10cbd5920d\">\n\t\t\t\t<form action=\"https:\/\/electricos.panoramaautomotor.com\/en\/listings-page\/\" method=\"GET\" data-trp-original-action=\"https:\/\/electricos.panoramaautomotor.com\/en\/listings-page\/\">\n\t\t\t\t\t<input type=\"hidden\" id=\"security\" name=\"security\" value=\"5eb12cbaab\" \/>\t\t\t\t\t<div class=\"stm-filter-tab-selects filter stm-vc-ajax-filter\">\n\t\t\t\t\t\t<div class=\"stm-select-col elementor-repeater-item-6f71684\"><div class=\"stm-ajax-reloadable\"><select name=\"modelo\" data-class=\"stm_select_overflowed\"><option value=\"\">Modelo<\/option><option value=\"electrico\" >El\u00e9ctrico <\/option><\/select><\/div><\/div><div class=\"stm-select-col elementor-repeater-item-7bbf3b0\"><div class=\"stm-ajax-reloadable\"><select name=\"chasis\" data-class=\"stm_select_overflowed\"><option value=\"\">Chasis<\/option><option value=\"shooting-brake\" >shooting brake <\/option><option value=\"sedan\" >Sedan <\/option><option value=\"hatchback\" >Hatchback <\/option><option value=\"suv\" >SUV <\/option><\/select><\/div><\/div><div class=\"stm-select-col elementor-repeater-item-ed0b1bf\"><div class=\"stm-ajax-reloadable\"><select name=\"ano\" data-class=\"stm_select_overflowed\"><option value=\"\">A\u00f1o<\/option><\/select><\/div><\/div><div class=\"stm-select-col elementor-repeater-item-fe7824d\"><div class=\"stm-ajax-reloadable\"><select name=\"conbustible\" data-class=\"stm_select_overflowed\"><option value=\"\">Conbustible<\/option><\/select><\/div><\/div>\t\t\t\t\t\t\t\t\t\t\t\t<button type=\"submit\" class=\"search-submit heading-font\">\n\t\t\t\t\t\t\t<i class=\"fas fa-search\"><\/i>\t\t\t\n\t\t\t\t\t\t\t<span>70<\/span> Carros\t\t\t\t\t\t<\/button>\n\t\t\t\t\t<\/div>\n\t\t\t\t<input type=\"hidden\" name=\"trp-form-language\" value=\"en\"\/><\/form>\n\t\t\t<\/div>\n\t\t\t\t\t\n\t\t\n\t\t\n\t\t\n\t<\/div>\n<\/div>\n\t\t\t\t<\/div>\n\t\t\t\t<\/div>\n\t\t\t\t\t<\/div>\n\t\t<\/div>\n\t\t\t\t\t<\/div>\n\t\t<\/section>\n\t\t\t\t<section class=\"elementor-section elementor-top-section elementor-element elementor-element-59b14db elementor-section-boxed elementor-section-height-default elementor-section-height-default\" data-id=\"59b14db\" data-element_type=\"section\">\n\t\t\t\t\t\t<div class=\"elementor-container elementor-column-gap-default\">\n\t\t\t\t\t<div class=\"elementor-column elementor-col-100 elementor-top-column elementor-element elementor-element-aab6aa9\" data-id=\"aab6aa9\" data-element_type=\"column\">\n\t\t\t<div class=\"elementor-widget-wrap elementor-element-populated\">\n\t\t\t\t\t\t<div class=\"elementor-element elementor-element-5c1fcd9 elementor-widget elementor-widget-motors-listings-grid-tabs\" data-id=\"5c1fcd9\" data-element_type=\"widget\" data-widget_type=\"motors-listings-grid-tabs.default\">\n\t\t\t\t<div class=\"elementor-widget-container\">\n\t\t\t\t\t\n<div class=\"stm_elementor_listings_grid_tabs_wrap stm_listing_tabs_style_2\">\n\n\t<div class=\"clearfix\">\n\n\t\t\t\t\t<h3 class=\"hidden-md hidden-lg hidden-sm\">Veh\u00edculos<\/h3>\n\t\t\n\t\t\n\t\t\t<!-- Nav tabs -->\n\t\t\t<ul class=\"stm_listing_nav_list heading-font\" role=\"tablist\">\n\n\t\t\t\t\n\t\t\t\t\t\t\t\t\t<li role=\"presentation\" class=\"listing-tab\">\n\t\t\t\t\t\t<a href=\"#popular-69e10cbd5b78f\" aria-controls=\"popular\" role=\"tab\"\n\t\t\t\t\t\t\tdata-toggle=\"tab\"><span>Art\u00edculos populares<\/span><\/a>\n\t\t\t\t\t<\/li>\n\t\t\t\t\n\t\t\t\t\t\t\t\t\t<li role=\"presentation\" class=\"listing-tab\">\n\t\t\t\t\t\t<a href=\"#recent-69e10cbd5b78f\" aria-controls=\"recent\" role=\"tab\"\n\t\t\t\t\t\t\tdata-toggle=\"tab\"><span>Art\u00edculos recientes<\/span><\/a>\n\t\t\t\t\t<\/li>\n\t\t\t\t\n\t\t\t\t\t\t\t\t\t<li role=\"presentation\" class=\"listing-tab\">\n\t\t\t\t\t\t<a href=\"#featured-69e10cbd5b78f\" aria-controls=\"recent\" role=\"tab\"\n\t\t\t\t\t\t\tdata-toggle=\"tab\"><span>Art\u00edculos destacados<\/span><\/a>\n\t\t\t\t\t<\/li>\n\t\t\t\t\n\t\t\t<\/ul>\n\n\t\t\n\t\t\t\t\t<h3 class=\"hidden-xs\">Veh\u00edculos<\/h3>\n\t\t\n\t<\/div>\n\n\t<!-- Tab panes -->\n\t<div class=\"tab-content\">\n\t\t\t\t\n\n\t\t\t\t\t<div role=\"tabpanel\"\n\t\t\t\tclass=\"tab-pane fade   listings-tab-content\"\n\t\t\t\tid=\"popular-69e10cbd5b78f\">\n\t\t\t\t<div id=\"popular-tab-content\" class=\"row row-4 car-listing-row\">\n\t\t\t\t\t<script>\n\t\t\t\t\t\t(function($) {\n\t\t\t\t\t\t\t$(document).ready(function() {\n\t\t\t\t\t\t\t\t$.ajax({\n\t\t\t\t\t\t\t\t\ttype: \"POST\",\n\t\t\t\t\t\t\t\t\turl: ajaxurl,\n\t\t\t\t\t\t\t\t\tdataType: 'json',\n\t\t\t\t\t\t\t\t\tasync: true,\n\t\t\t\t\t\t\t\t\tdata: 'action=grid_tabs_widget&tab_type=popular&per_page=8&template=listing-grid-directory-loop-4&img_size=&security=' + mew_nonces.motors_grid_tabs,\n\t\t\t\t\t\t\t\t\tsuccess: function(data) {\n\t\t\t\t\t\t\t\t\t\tif( data.hasOwnProperty('html') ) $('#popular-tab-content').html(data.html);\n\t\t\t\t\t\t\t\t\t\tupdateGridItemTitles();\n\t\t\t\t\t\t\t\t\t},\n\t\t\t\t\t\t\t\t});\n\t\t\t\t\t\t\t});\n\t\t\t\t\t\t})(jQuery)\n\t\t\t\t\t<\/script>\n\t\t\t\t<\/div>\n\t\t\t\t\t\t\t\t\t<div class=\"row\">\n\t\t\t\t\t\t<div class=\"col-xs-12 text-center\">\n\t\t\t\t\t\t\t<div class=\"dp-in\">\n\t\t\t\t\t\t\t\t<a class=\"load-more-btn\"\n\t\t\t\t\t\t\t\t\thref=\"https:\/\/electricos.panoramaautomotor.com\/en\/listings-page\/?popular=true\">\n\t\t\t\t\t\t\t\t\tBuscar todos\t\t\t\t\t\t\t\t<\/a>\n\t\t\t\t\t\t\t<\/div>\n\t\t\t\t\t\t<\/div>\n\t\t\t\t\t<\/div>\n\t\t\t\t\t\t\t<\/div>\n\t\t\n\t\t\t\t\t<div role=\"tabpanel\"\n\t\t\t\tclass=\"tab-pane fade   listings-tab-content\"\n\t\t\t\tid=\"recent-69e10cbd5b78f\">\n\t\t\t\t<div id=\"recent-tab-content\" class=\"row row-4 car-listing-row\">\n\t\t\t\t\t<script>\n\t\t\t\t\t\t(function($) {\n\t\t\t\t\t\t\t$(document).ready(function() {\n\t\t\t\t\t\t\t\t$.ajax({\n\t\t\t\t\t\t\t\t\ttype: \"POST\",\n\t\t\t\t\t\t\t\t\turl: ajaxurl,\n\t\t\t\t\t\t\t\t\tdataType: 'json',\n\t\t\t\t\t\t\t\t\tasync: true,\n\t\t\t\t\t\t\t\t\tdata: 'action=grid_tabs_widget&tab_type=recent&per_page=8&template=listing-grid-directory-loop-4&img_size=&security=' + mew_nonces.motors_grid_tabs,\n\t\t\t\t\t\t\t\t\tsuccess: function(data) {\n\t\t\t\t\t\t\t\t\t\tif( data.hasOwnProperty('html') ) $('#recent-tab-content').html(data.html);\n\t\t\t\t\t\t\t\t\t\tupdateGridItemTitles();\n\t\t\t\t\t\t\t\t\t},\n\t\t\t\t\t\t\t\t});\n\t\t\t\t\t\t\t});\n\t\t\t\t\t\t})(jQuery)\n\t\t\t\t\t<\/script>\n\t\t\t\t<\/div>\n\t\t\t\t\t\t\t\t\t<div class=\"row\">\n\t\t\t\t\t\t<div class=\"col-xs-12 text-center\">\n\t\t\t\t\t\t\t<div class=\"dp-in\">\n\t\t\t\t\t\t\t\t<a class=\"load-more-btn\" href=\"https:\/\/electricos.panoramaautomotor.com\/en\/listings-page\/\">\n\t\t\t\t\t\t\t\t\tBuscar todos\t\t\t\t\t\t\t\t<\/a>\n\t\t\t\t\t\t\t<\/div>\n\t\t\t\t\t\t<\/div>\n\t\t\t\t\t<\/div>\n\t\t\t\t\t\t\t<\/div>\n\t\t\n\t\t\t\t\t<div role=\"tabpanel\" class=\"tab-pane fade in   listings-tab-content\" id=\"featured-69e10cbd5b78f\">\n\t\t\t\t\t\t\t<\/div>\n\t\t\n\t<\/div>\n<\/div>\n\t\t\t\t<\/div>\n\t\t\t\t<\/div>\n\t\t\t\t\t<\/div>\n\t\t<\/div>\n\t\t\t\t\t<\/div>\n\t\t<\/section>\n\t\t\t\t<\/div>","protected":false},"excerpt":{"rendered":"<p>\u00a1Bienvenido a Panorama Automotor! Conoce, compara, decide. Todos ModeloChasisA\u00f1oConbustible 9 Carros Veh\u00edculos Art\u00edculos populares Art\u00edculos recientes Art\u00edculos destacados Veh\u00edculos Buscar todos Buscar todos 1 Special $1.500.000 Ferrari F40 1 Special $230.000 $220.000 Lamborghini Urus 3 Special $130.000 $120.000 Mercedes-Benz E63 3 Special $120.000 $100.000 BMW M5 F90 Buscar todos<\/p>","protected":false},"author":1,"featured_media":0,"parent":0,"menu_order":0,"comment_status":"closed","ping_status":"closed","template":"","meta":{"footnotes":""},"class_list":["post-2120","page","type-page","status-publish","hentry"],"_hostinger_reach_plugin_has_subscription_block":false,"_hostinger_reach_plugin_is_elementor":false,"_links":{"self":[{"href":"https:\/\/electricos.panoramaautomotor.com\/en\/wp-json\/wp\/v2\/pages\/2120","targetHints":{"allow":["GET"]}}],"collection":[{"href":"https:\/\/electricos.panoramaautomotor.com\/en\/wp-json\/wp\/v2\/pages"}],"about":[{"href":"https:\/\/electricos.panoramaautomotor.com\/en\/wp-json\/wp\/v2\/types\/page"}],"author":[{"embeddable":true,"href":"https:\/\/electricos.panoramaautomotor.com\/en\/wp-json\/wp\/v2\/users\/1"}],"replies":[{"embeddable":true,"href":"https:\/\/electricos.panoramaautomotor.com\/en\/wp-json\/wp\/v2\/comments?post=2120"}],"version-history":[{"count":42,"href":"https:\/\/electricos.panoramaautomotor.com\/en\/wp-json\/wp\/v2\/pages\/2120\/revisions"}],"predecessor-version":[{"id":3384,"href":"https:\/\/electricos.panoramaautomotor.com\/en\/wp-json\/wp\/v2\/pages\/2120\/revisions\/3384"}],"wp:attachment":[{"href":"https:\/\/electricos.panoramaautomotor.com\/en\/wp-json\/wp\/v2\/media?parent=2120"}],"curies":[{"name":"wp","href":"https:\/\/api.w.org\/{rel}","templated":true}]}}